{"id":9,"date":"2015-06-23T06:29:06","date_gmt":"2015-06-23T06:29:06","guid":{"rendered":"http:\/\/abnef.com\/?page_id=9"},"modified":"2015-10-08T10:30:29","modified_gmt":"2015-10-08T09:30:29","slug":"spare-parts","status":"publish","type":"page","link":"https:\/\/abnef.com\/sv\/spare-parts\/","title":{"rendered":"Reservdelar"},"content":{"rendered":"<p class=\"bodytext\">Vi s\u00e4ljer reservdelar till allt som \u00e4r tillverkat av Nordiska Egoutter Fabriken, NEF.<\/p>\n<p>Vi s\u00e4ljer ocks\u00e5 reservdelar till installationer gjorda av UMV Machinery och Uddevalla Mekaniska Verkstad.<\/p>\n<p class=\"bodytext\">F\u00f6r UMV Coating systems bes\u00f6k UMV p\u00e5 <a class=\"external-link-new-window\" title=\"Opens external link in new window\" href=\"http:\/\/www.umv.com\/\" target=\"_blank\">www.umv.com<\/a><\/p>","protected":false},"excerpt":{"rendered":"<p>Vi s\u00e4ljer reservdelar till allt som \u00e4r tillverkat av Nordiska Egoutter Fabriken, NEF. Vi s\u00e4ljer ocks\u00e5 reservdelar till installationer gjorda av UMV Machinery och Uddevalla Mekaniska Verkstad. F\u00f6r UMV Coating systems bes\u00f6k UMV p\u00e5 www.umv.com<\/p>\n","protected":false},"author":1,"featured_media":0,"parent":0,"menu_order":0,"comment_status":"open","ping_status":"closed","template":"","meta":{"footnotes":""},"class_list":["post-9","page","type-page","status-publish","hentry"],"_links":{"self":[{"href":"https:\/\/abnef.com\/sv\/wp-json\/wp\/v2\/pages\/9","targetHints":{"allow":["GET"]}}],"collection":[{"href":"https:\/\/abnef.com\/sv\/wp-json\/wp\/v2\/pages"}],"about":[{"href":"https:\/\/abnef.com\/sv\/wp-json\/wp\/v2\/types\/page"}],"author":[{"embeddable":true,"href":"https:\/\/abnef.com\/sv\/wp-json\/wp\/v2\/users\/1"}],"replies":[{"embeddable":true,"href":"https:\/\/abnef.com\/sv\/wp-json\/wp\/v2\/comments?post=9"}],"version-history":[{"count":4,"href":"https:\/\/abnef.com\/sv\/wp-json\/wp\/v2\/pages\/9\/revisions"}],"predecessor-version":[{"id":311,"href":"https:\/\/abnef.com\/sv\/wp-json\/wp\/v2\/pages\/9\/revisions\/311"}],"wp:attachment":[{"href":"https:\/\/abnef.com\/sv\/wp-json\/wp\/v2\/media?parent=9"}],"curies":[{"name":"wp","href":"https:\/\/api.w.org\/{rel}","templated":true}]}}