{"id":5,"date":"2015-06-23T06:26:37","date_gmt":"2015-06-23T06:26:37","guid":{"rendered":"http:\/\/abnef.com\/?page_id=5"},"modified":"2023-01-30T13:05:53","modified_gmt":"2023-01-30T12:05:53","slug":"start","status":"publish","type":"page","link":"https:\/\/abnef.com\/sv\/","title":{"rendered":"AB NEF &#8211; l\u00f6sningen till massa- och pappersmaskiner"},"content":{"rendered":"<h2>V\u00e4lkomna till AB NEF<\/h2>\n<p>Vi tillverkar, installerar och s\u00e4ljer delar till:<\/p>\n<ul class=\"products-list\">\n<li><a class=\"internal-link\" title=\"Opens internal link in current window\" href=\"\/products\/shower-systems\/\">Reng\u00f6ringssystem &#8211; Spritsr\u00f6r<\/a><\/li>\n<li><a class=\"internal-link\" title=\"Opens internal link in current window\" href=\"\/products\/shower-systems\/#c15\">Oscillatorer<\/a><\/li>\n<li><a class=\"internal-link\" title=\"Opens internal link in current window\" href=\"\/products\/shower-systems\/#c14\">Banddysor<\/a><\/li>\n<li><a href=\"https:\/\/abnef.com\/products\/dandy-roll-systems\/\" target=\"_blank\" rel=\"noopener\">Egoutteur &#8211; vattenm\u00e4rkerulle<\/a><\/li>\n<li>&#8230;och mycket mer. Se <a class=\"internal-link\" title=\"Opens internal link in current window\" href=\"\/products\/\">produkt listan<\/a><\/li>\n<\/ul>\n<p>Vi s\u00e4ljer delar till allt som \u00e4r byggt av Nordiska Egoutteurfabriken, NEF.<\/p>\n<p>Vi s\u00e4ljer ocks\u00e5 reservdelar till installationer gjorda av UMV Mekaniska och Uddevalla Mekaniska Verkstad.<\/p>\n<p>F\u00f6r UMV coating systems bes\u00f6k UMV p\u00e5 <a class=\"external-link-new-window\" title=\"Opens external link in new window\" href=\"http:\/\/www.umv.com\/\" target=\"_blank\" rel=\"noopener\">www.umv.com<\/a>","protected":false},"excerpt":{"rendered":"<p>V\u00e4lkomna till AB NEF Vi tillverkar, installerar och s\u00e4ljer delar till: Reng\u00f6ringssystem &#8211; Spritsr\u00f6r Oscillatorer Banddysor Egoutteur &#8211; vattenm\u00e4rkerulle &#8230;och mycket mer. Se produkt listan Vi s\u00e4ljer delar till allt som \u00e4r byggt av Nordiska Egoutteurfabriken, NEF. Vi s\u00e4ljer ocks\u00e5 reservdelar till installationer gjorda av UMV Mekaniska och Uddevalla Mekaniska Verkstad. F\u00f6r UMV coating systems [&hellip;]<\/p>\n","protected":false},"author":1,"featured_media":26,"parent":0,"menu_order":0,"comment_status":"open","ping_status":"closed","template":"","meta":{"footnotes":""},"class_list":["post-5","page","type-page","status-publish","has-post-thumbnail","hentry"],"_links":{"self":[{"href":"https:\/\/abnef.com\/sv\/wp-json\/wp\/v2\/pages\/5","targetHints":{"allow":["GET"]}}],"collection":[{"href":"https:\/\/abnef.com\/sv\/wp-json\/wp\/v2\/pages"}],"about":[{"href":"https:\/\/abnef.com\/sv\/wp-json\/wp\/v2\/types\/page"}],"author":[{"embeddable":true,"href":"https:\/\/abnef.com\/sv\/wp-json\/wp\/v2\/users\/1"}],"replies":[{"embeddable":true,"href":"https:\/\/abnef.com\/sv\/wp-json\/wp\/v2\/comments?post=5"}],"version-history":[{"count":12,"href":"https:\/\/abnef.com\/sv\/wp-json\/wp\/v2\/pages\/5\/revisions"}],"predecessor-version":[{"id":474,"href":"https:\/\/abnef.com\/sv\/wp-json\/wp\/v2\/pages\/5\/revisions\/474"}],"wp:featuredmedia":[{"embeddable":true,"href":"https:\/\/abnef.com\/sv\/wp-json\/wp\/v2\/media\/26"}],"wp:attachment":[{"href":"https:\/\/abnef.com\/sv\/wp-json\/wp\/v2\/media?parent=5"}],"curies":[{"name":"wp","href":"https:\/\/api.w.org\/{rel}","templated":true}]}}