{"id":367,"date":"2016-06-03T11:05:44","date_gmt":"2016-06-03T10:05:44","guid":{"rendered":"https:\/\/abnef.com\/?page_id=367"},"modified":"2016-06-08T09:14:34","modified_gmt":"2016-06-08T08:14:34","slug":"svenska-foretag-vi-representerar-i-sverige-och-norge","status":"publish","type":"page","link":"https:\/\/abnef.com\/sv\/svenska-foretag-vi-representerar-i-sverige-och-norge\/","title":{"rendered":"F\u00f6retag vi representerar i Sverige och Norge"},"content":{"rendered":"<h2><\/h2>\n<h2><\/h2>\n<h2>Applikationer p\u00e5 pappersbruk<\/h2>\n<p>&nbsp;<\/p>\n<p>&nbsp;<\/p>\n<p><a href=\"http:\/\/www.rt-belt.com\/\" target=\"_blank\"><img loading=\"lazy\" decoding=\"async\" class=\"wp-image-393 alignnone\" src=\"https:\/\/abnef.com\/wp-content\/uploads\/2016\/06\/RAI-300x51.jpg\" alt=\"RAI\" width=\"300\" height=\"51\" srcset=\"https:\/\/abnef.com\/wp-content\/uploads\/2016\/06\/RAI-300x51.jpg 300w, https:\/\/abnef.com\/wp-content\/uploads\/2016\/06\/RAI-768x131.jpg 768w, https:\/\/abnef.com\/wp-content\/uploads\/2016\/06\/RAI.jpg 911w\" sizes=\"auto, (max-width: 300px) 100vw, 300px\" \/><\/a><a href=\"http:\/\/www.rt-belt.com\/\" target=\"_blank\"><br \/>\n<\/a><\/p>\n<p style=\"text-align: left;\"><strong><a href=\"https:\/\/abnef.com\/wp-content\/uploads\/2016\/06\/RAI_plast.jpg\"><img loading=\"lazy\" decoding=\"async\" class=\"alignright size-medium wp-image-375\" src=\"https:\/\/abnef.com\/wp-content\/uploads\/2016\/06\/RAI_plast-300x197.jpg\" alt=\"RAI_plast\" width=\"300\" height=\"197\" srcset=\"https:\/\/abnef.com\/wp-content\/uploads\/2016\/06\/RAI_plast-300x197.jpg 300w, https:\/\/abnef.com\/wp-content\/uploads\/2016\/06\/RAI_plast.jpg 607w\" sizes=\"auto, (max-width: 300px) 100vw, 300px\" \/><\/a><a href=\"http:\/\/www.rt-belt.com\/\" target=\"_blank\">www.rt-belt.com<\/a><\/strong><\/p>\n<ul>\n<li>\n<h4>Krympplast f\u00f6r t\u00e4ckning av valsar och maskiner<\/h4>\n<\/li>\n<li>\n<h4>Filtrationsbanor<\/h4>\n<\/li>\n<li>\n<h4>Diskfilter-p\u00e5sar<\/h4>\n<\/li>\n<\/ul>\n<p>&nbsp;<\/p>\n<p>&nbsp;<\/p>\n<p>&nbsp;<\/p>\n<p><a href=\"http:\/\/www.ask-gruppe.de\/en\/ask-high-technology-en\"><img loading=\"lazy\" decoding=\"async\" class=\"alignnone size-medium wp-image-392\" src=\"https:\/\/abnef.com\/wp-content\/uploads\/2016\/06\/ASK-300x110.jpg\" alt=\"ASK\" width=\"300\" height=\"110\" srcset=\"https:\/\/abnef.com\/wp-content\/uploads\/2016\/06\/ASK-300x110.jpg 300w, https:\/\/abnef.com\/wp-content\/uploads\/2016\/06\/ASK-768x282.jpg 768w, https:\/\/abnef.com\/wp-content\/uploads\/2016\/06\/ASK.jpg 1017w\" sizes=\"auto, (max-width: 300px) 100vw, 300px\" \/><\/a><\/p>\n<p><strong><a href=\"https:\/\/abnef.com\/wp-content\/uploads\/2016\/06\/ASK_stja\u0308rna.jpg\"><img loading=\"lazy\" decoding=\"async\" class=\" wp-image-395 alignright\" src=\"https:\/\/abnef.com\/wp-content\/uploads\/2016\/06\/ASK_stja\u0308rna-300x300.jpg\" alt=\"ASK_stja\u0308rna\" width=\"208\" height=\"208\" srcset=\"https:\/\/abnef.com\/wp-content\/uploads\/2016\/06\/ASK_stja\u0308rna-300x300.jpg 300w, https:\/\/abnef.com\/wp-content\/uploads\/2016\/06\/ASK_stja\u0308rna-150x150.jpg 150w, https:\/\/abnef.com\/wp-content\/uploads\/2016\/06\/ASK_stja\u0308rna.jpg 511w\" sizes=\"auto, (max-width: 208px) 100vw, 208px\" \/><\/a><a href=\"http:\/\/www.ask-gruppe.de\/en\/ask-high-technology-en\" target=\"_blank\">www.ask-gruppe.de<\/a><\/strong><\/p>\n<p>For more than 20 years ASK high technology has been developing solutions against abrasive and chemical wear-off in the pulp &amp; paper industry.<\/p>\n<p>&nbsp;<\/p>\n<p>&nbsp;<\/p>\n<p>&nbsp;<\/p>\n<p>&nbsp;<\/p>\n<p><a href=\"http:\/\/www.lanex.cz\/en\/\"><img loading=\"lazy\" decoding=\"async\" class=\"alignnone size-medium wp-image-391\" src=\"https:\/\/abnef.com\/wp-content\/uploads\/2016\/06\/LANEX-300x143.jpg\" alt=\"Print\" width=\"300\" height=\"143\" srcset=\"https:\/\/abnef.com\/wp-content\/uploads\/2016\/06\/LANEX-300x143.jpg 300w, https:\/\/abnef.com\/wp-content\/uploads\/2016\/06\/LANEX.jpg 466w\" sizes=\"auto, (max-width: 300px) 100vw, 300px\" \/><\/a><\/p>\n<p><strong><a href=\"http:\/\/www.lanex.cz\/en\/\" target=\"_blank\">www.lanex.cz<\/a><\/strong><\/p>\n<p><a href=\"https:\/\/abnef.com\/wp-content\/uploads\/2016\/06\/Powerline-DUO.png\"><img loading=\"lazy\" decoding=\"async\" class=\"size-medium wp-image-394 alignright\" src=\"https:\/\/abnef.com\/wp-content\/uploads\/2016\/06\/Powerline-DUO-300x164.png\" alt=\"Powerline DUO\" width=\"300\" height=\"164\" srcset=\"https:\/\/abnef.com\/wp-content\/uploads\/2016\/06\/Powerline-DUO-300x164.png 300w, https:\/\/abnef.com\/wp-content\/uploads\/2016\/06\/Powerline-DUO-768x420.png 768w, https:\/\/abnef.com\/wp-content\/uploads\/2016\/06\/Powerline-DUO-1024x560.png 1024w, https:\/\/abnef.com\/wp-content\/uploads\/2016\/06\/Powerline-DUO-100x55.png 100w\" sizes=\"auto, (max-width: 300px) 100vw, 300px\" \/><\/a>Powerline UNO is the prevailing and most widespread type of braided coreless paper carrier rope. It is made of multifilament polyamide fibre with special impregnation. It is characterized by easy splicing, high abrasion resistance and temperature resistance, as well as durability in drying sections, see technical parameters.<\/p>\n<p>&nbsp;<\/p>\n<p>&nbsp;","protected":false},"excerpt":{"rendered":"<p>Applikationer p\u00e5 pappersbruk &nbsp; &nbsp; www.rt-belt.com Krympplast f\u00f6r t\u00e4ckning av valsar och maskiner Filtrationsbanor Diskfilter-p\u00e5sar &nbsp; &nbsp; &nbsp; www.ask-gruppe.de For more than 20 years ASK high technology has been developing solutions against abrasive and chemical wear-off in the pulp &amp; paper industry. &nbsp; &nbsp; &nbsp; &nbsp; www.lanex.cz Powerline UNO is the prevailing and most widespread [&hellip;]<\/p>\n","protected":false},"author":3,"featured_media":0,"parent":0,"menu_order":0,"comment_status":"closed","ping_status":"closed","template":"","meta":{"footnotes":""},"class_list":["post-367","page","type-page","status-publish","hentry"],"_links":{"self":[{"href":"https:\/\/abnef.com\/sv\/wp-json\/wp\/v2\/pages\/367","targetHints":{"allow":["GET"]}}],"collection":[{"href":"https:\/\/abnef.com\/sv\/wp-json\/wp\/v2\/pages"}],"about":[{"href":"https:\/\/abnef.com\/sv\/wp-json\/wp\/v2\/types\/page"}],"author":[{"embeddable":true,"href":"https:\/\/abnef.com\/sv\/wp-json\/wp\/v2\/users\/3"}],"replies":[{"embeddable":true,"href":"https:\/\/abnef.com\/sv\/wp-json\/wp\/v2\/comments?post=367"}],"version-history":[{"count":31,"href":"https:\/\/abnef.com\/sv\/wp-json\/wp\/v2\/pages\/367\/revisions"}],"predecessor-version":[{"id":424,"href":"https:\/\/abnef.com\/sv\/wp-json\/wp\/v2\/pages\/367\/revisions\/424"}],"wp:attachment":[{"href":"https:\/\/abnef.com\/sv\/wp-json\/wp\/v2\/media?parent=367"}],"curies":[{"name":"wp","href":"https:\/\/api.w.org\/{rel}","templated":true}]}}