{"id":13,"date":"2015-06-23T06:30:07","date_gmt":"2015-06-23T06:30:07","guid":{"rendered":"http:\/\/abnef.com\/?page_id=13"},"modified":"2023-01-30T13:12:33","modified_gmt":"2023-01-30T12:12:33","slug":"contact","status":"publish","type":"page","link":"https:\/\/abnef.com\/sv\/contact\/","title":{"rendered":"Kontakt"},"content":{"rendered":"<h3>AB Nordiska Egoutterufabriken<\/h3>\n<table>\n<tbody>\n<tr>\n<td class=\"align-right\">\n<p class=\"bodytext\">Tel:<\/p>\n<\/td>\n<td><\/td>\n<td>\n<p class=\"bodytext\">+46(0)522 983 87<\/p>\n<\/td>\n<td><\/td>\n<\/tr>\n<tr>\n<td>\n<p class=\"bodytext\">Fax:<\/p>\n<\/td>\n<td><\/td>\n<td>\n<p class=\"bodytext\">+46(0)522 983 94<\/p>\n<\/td>\n<td><\/td>\n<\/tr>\n<tr>\n<td>\n<p class=\"bodytext\">Mobile:<\/p>\n<\/td>\n<td><\/td>\n<td>\n<p class=\"bodytext\">+46(0)70 598 27 07<\/p>\n<\/td>\n<td><\/td>\n<\/tr>\n<tr>\n<td>\n<p class=\"bodytext\">E-mail:<\/p>\n<\/td>\n<td><\/td>\n<td>\n<p class=\"bodytext\">info@abnef.com<\/p>\n<\/td>\n<td><\/td>\n<\/tr>\n<\/tbody>\n<\/table>\n<h2>Kontorsadress<\/h2>\n<p class=\"bodytext\">AB Nordiska Egoutteurfabriken &#8211; ABNEF<\/p>\n<p class=\"bodytext\">Box 6<br \/>\nSE-661 21 S\u00c4FFLE<\/p>\n<p class=\"bodytext\"><b>Bes\u00f6ksadress:<\/b> Industrigatan 7,&nbsp; S\u00e4ffle<\/p>","protected":false},"excerpt":{"rendered":"<p>AB Nordiska Egoutterufabriken Tel: +46(0)522 983 87 Fax: +46(0)522 983 94 Mobile: +46(0)70 598 27 07 E-mail: info@abnef.com Kontorsadress AB Nordiska Egoutteurfabriken &#8211; ABNEF Box 6 SE-661 21 S\u00c4FFLE Bes\u00f6ksadress: Industrigatan 7,&nbsp; S\u00e4ffle<\/p>\n","protected":false},"author":1,"featured_media":26,"parent":0,"menu_order":0,"comment_status":"open","ping_status":"closed","template":"","meta":{"footnotes":""},"class_list":["post-13","page","type-page","status-publish","has-post-thumbnail","hentry"],"_links":{"self":[{"href":"https:\/\/abnef.com\/sv\/wp-json\/wp\/v2\/pages\/13","targetHints":{"allow":["GET"]}}],"collection":[{"href":"https:\/\/abnef.com\/sv\/wp-json\/wp\/v2\/pages"}],"about":[{"href":"https:\/\/abnef.com\/sv\/wp-json\/wp\/v2\/types\/page"}],"author":[{"embeddable":true,"href":"https:\/\/abnef.com\/sv\/wp-json\/wp\/v2\/users\/1"}],"replies":[{"embeddable":true,"href":"https:\/\/abnef.com\/sv\/wp-json\/wp\/v2\/comments?post=13"}],"version-history":[{"count":42,"href":"https:\/\/abnef.com\/sv\/wp-json\/wp\/v2\/pages\/13\/revisions"}],"predecessor-version":[{"id":478,"href":"https:\/\/abnef.com\/sv\/wp-json\/wp\/v2\/pages\/13\/revisions\/478"}],"wp:featuredmedia":[{"embeddable":true,"href":"https:\/\/abnef.com\/sv\/wp-json\/wp\/v2\/media\/26"}],"wp:attachment":[{"href":"https:\/\/abnef.com\/sv\/wp-json\/wp\/v2\/media?parent=13"}],"curies":[{"name":"wp","href":"https:\/\/api.w.org\/{rel}","templated":true}]}}